{"id":3074,"date":"2015-06-17T18:19:13","date_gmt":"2015-06-17T16:19:13","guid":{"rendered":"http:\/\/www.erdmann-rossi.com\/products\/uhren\/"},"modified":"2018-04-02T16:22:33","modified_gmt":"2018-04-02T14:22:33","slug":"watches","status":"publish","type":"page","link":"https:\/\/www.erdmann-rossi.com\/en\/products\/watches\/","title":{"rendered":"Watches"},"content":{"rendered":"<p>[vc_row el_class=&#8221;rs&#8221;][vc_column]\t\t\t<script src=\"\/\/www.erdmann-rossi.com\/wp-content\/plugins\/revslider\/sr6\/assets\/js\/rbtools.min.js?rev=6.7.34\"><\/script>\n\t\t\t<script src=\"\/\/www.erdmann-rossi.com\/wp-content\/plugins\/revslider\/sr6\/assets\/js\/rs6.min.js?rev=6.7.34\"><\/script>\n\n\t\t\t<!-- START carouseluhr REVOLUTION SLIDER 6.7.34 --><p class=\"rs-p-wp-fix\"><\/p>\n\t\t\t<rs-module-wrap id=\"rev_slider_36_1_wrapper\" data-source=\"gallery\" style=\"visibility:hidden;background:#000000;padding:0;margin:0px auto;margin-top:0;margin-bottom:0;\">\n\t\t\t\t<rs-module id=\"rev_slider_36_1\" style=\"\" data-version=\"6.7.34\">\n\t\t\t\t\t<rs-slides style=\"overflow: hidden; position: absolute;\">\n\t\t\t\t\t\t<rs-slide style=\"position: absolute;\" data-key=\"rs-267\" data-title=\"Slide\" data-thumb=\"\/\/www.erdmann-rossi.com\/wp-content\/uploads\/2016\/11\/carousel-uhr01-100x50.jpg\" data-anim=\"adpr:false;\">\n\t\t\t\t\t\t\t<img decoding=\"async\" src=\"\/\/www.erdmann-rossi.com\/wp-content\/plugins\/revslider\/sr6\/assets\/assets\/dummy.png\" alt=\"\" title=\"Watches\" class=\"rev-slidebg tp-rs-img rs-lazyload\" data-lazyload=\"\/\/www.erdmann-rossi.com\/wp-content\/uploads\/2016\/11\/carousel-uhr01.jpg\" data-bg=\"p:center top;\" data-no-retina>\n<!---->\t\t\t\t\t<\/rs-slide>\n\t\t\t\t\t\t<rs-slide style=\"position: absolute;\" data-key=\"rs-263\" data-title=\"Slide\" data-thumb=\"\/\/www.erdmann-rossi.com\/wp-content\/uploads\/2016\/11\/carousel-uhr03-100x50.jpg\" data-anim=\"adpr:false;\">\n\t\t\t\t\t\t\t<img decoding=\"async\" src=\"\/\/www.erdmann-rossi.com\/wp-content\/plugins\/revslider\/sr6\/assets\/assets\/dummy.png\" alt=\"\" title=\"Watches\" class=\"rev-slidebg tp-rs-img rs-lazyload\" data-lazyload=\"\/\/www.erdmann-rossi.com\/wp-content\/uploads\/2016\/11\/carousel-uhr03.jpg\" data-bg=\"p:center top;\" data-no-retina>\n<!---->\t\t\t\t\t<\/rs-slide>\n\t\t\t\t\t\t<rs-slide style=\"position: absolute;\" data-key=\"rs-268\" data-title=\"Slide\" data-thumb=\"\/\/www.erdmann-rossi.com\/wp-content\/uploads\/2016\/11\/carousel-uhr07-100x50.jpg\" data-anim=\"adpr:false;\">\n\t\t\t\t\t\t\t<img decoding=\"async\" src=\"\/\/www.erdmann-rossi.com\/wp-content\/plugins\/revslider\/sr6\/assets\/assets\/dummy.png\" alt=\"\" title=\"Watches\" class=\"rev-slidebg tp-rs-img rs-lazyload\" data-lazyload=\"\/\/www.erdmann-rossi.com\/wp-content\/uploads\/2016\/11\/carousel-uhr07.jpg\" data-bg=\"p:center top;\" data-no-retina>\n<!---->\t\t\t\t\t<\/rs-slide>\n\t\t\t\t\t\t<rs-slide style=\"position: absolute;\" data-key=\"rs-266\" data-title=\"Slide\" data-thumb=\"\/\/www.erdmann-rossi.com\/wp-content\/uploads\/2016\/11\/carousel-uhr06-100x50.jpg\" data-anim=\"adpr:false;\">\n\t\t\t\t\t\t\t<img decoding=\"async\" src=\"\/\/www.erdmann-rossi.com\/wp-content\/plugins\/revslider\/sr6\/assets\/assets\/dummy.png\" alt=\"\" title=\"Watches\" class=\"rev-slidebg tp-rs-img rs-lazyload\" data-lazyload=\"\/\/www.erdmann-rossi.com\/wp-content\/uploads\/2016\/11\/carousel-uhr06.jpg\" data-bg=\"p:center top;\" data-no-retina>\n<!---->\t\t\t\t\t<\/rs-slide>\n\t\t\t\t\t\t<rs-slide style=\"position: absolute;\" data-key=\"rs-265\" data-title=\"Slide\" data-thumb=\"\/\/www.erdmann-rossi.com\/wp-content\/uploads\/2016\/11\/carousel-uhr02-100x50.jpg\" data-anim=\"adpr:false;\">\n\t\t\t\t\t\t\t<img decoding=\"async\" src=\"\/\/www.erdmann-rossi.com\/wp-content\/plugins\/revslider\/sr6\/assets\/assets\/dummy.png\" alt=\"\" title=\"Watches\" class=\"rev-slidebg tp-rs-img rs-lazyload\" data-lazyload=\"\/\/www.erdmann-rossi.com\/wp-content\/uploads\/2016\/11\/carousel-uhr02.jpg\" data-bg=\"p:center top;\" data-no-retina>\n<!---->\t\t\t\t\t<\/rs-slide>\n\t\t\t\t\t\t<rs-slide style=\"position: absolute;\" data-key=\"rs-264\" data-title=\"Slide\" data-thumb=\"\/\/www.erdmann-rossi.com\/wp-content\/uploads\/2016\/11\/carousel-uhr05-100x50.jpg\" data-anim=\"adpr:false;\">\n\t\t\t\t\t\t\t<img decoding=\"async\" src=\"\/\/www.erdmann-rossi.com\/wp-content\/plugins\/revslider\/sr6\/assets\/assets\/dummy.png\" alt=\"\" title=\"Watches\" class=\"rev-slidebg tp-rs-img rs-lazyload\" data-lazyload=\"\/\/www.erdmann-rossi.com\/wp-content\/uploads\/2016\/11\/carousel-uhr05.jpg\" data-bg=\"p:center top;\" data-no-retina>\n<!---->\t\t\t\t\t<\/rs-slide>\n\t\t\t\t\t\t<rs-slide style=\"position: absolute;\" data-key=\"rs-262\" data-title=\"Slide\" data-thumb=\"\/\/www.erdmann-rossi.com\/wp-content\/uploads\/2016\/11\/carousel-uhr04-100x50.jpg\" data-anim=\"adpr:false;\">\n\t\t\t\t\t\t\t<img decoding=\"async\" src=\"\/\/www.erdmann-rossi.com\/wp-content\/plugins\/revslider\/sr6\/assets\/assets\/dummy.png\" alt=\"\" title=\"Watches\" class=\"rev-slidebg tp-rs-img rs-lazyload\" data-lazyload=\"\/\/www.erdmann-rossi.com\/wp-content\/uploads\/2016\/11\/carousel-uhr04.jpg\" data-bg=\"p:center top;\" data-no-retina>\n<!---->\t\t\t\t\t<\/rs-slide>\n\t\t\t\t\t<\/rs-slides>\n\t\t\t\t<\/rs-module>\n\t\t\t\t<script>\n\t\t\t\t\tsetREVStartSize({c: 'rev_slider_36_1',rl:[1240,1024,778,480],el:[],gw:[700],gh:[400],type:'carousel',justify:'',layout:'fullwidth',mh:\"400\"});if (window.RS_MODULES!==undefined && window.RS_MODULES.modules!==undefined && window.RS_MODULES.modules[\"revslider361\"]!==undefined) {window.RS_MODULES.modules[\"revslider361\"].once = false;window.revapi36 = undefined;if (window.RS_MODULES.checkMinimal!==undefined) window.RS_MODULES.checkMinimal()}\n\t\t\t\t<\/script>\n\t\t\t<\/rs-module-wrap>\n\t\t\t<!-- END REVOLUTION SLIDER -->\n[\/vc_column][\/vc_row][vc_row css=&#8221;.vc_custom_1470959050399{margin-top: 35px !important;}&#8221;][vc_column width=&#8221;2\/3&#8243;][vc_column_text]<\/p>\n<h2>The Erdmann &amp; Rossi Edition by Klaus Jakob \u2212 finest Watchmaking in limited Numbers &#8211; sold out<\/h2>\n<p>For decades, watchmaker Klaus Jakob has been praised for his exceptional chronometers. His individually designed timepieces have won him numerous awards.<\/p>\n<p>The design of this watch (&#8220;Model 1&#8221;) takes its cues from historic gauges of the 1930s. In crafting it, Klaus Jakob has produced a piece of jewellery fitting for the times. &#8220;Model 1&#8221; comes with a very rare, exceptionally beautiful Unitas 6300 hand-wound movement. The Unitas 6300 was originally designed for military use. In the 1960s, it was one of the first movements with a directly driven center second hand.<\/p>\n<p>The design featuring the characteristic railway pattern is inspired by tachometers used around 80 years ago in Erdmann &amp; Rossi coachwork on Horch chassis. Horch obtained a significant number of gauges from R. M\u00fchle &amp; Sohn, Glash\u00fctte. In the creation of this watch we have been advised by M\u00fchle-Glash\u00fctte GmbH .<\/p>\n<p>Stainless steel or white gold plated casing. Sapphire glass. Screwed bezel. Each chronometer is personalised for its purchaser.<\/p>\n<p>The Erdmann &amp; Rossi Edition by Klaus Jakob (&#8220;Model 1&#8221;) is part of a batch of just 10 pieces and will be produced individually to order. Make sure to retain one of these rare pieces.<\/p>\n<p><strong>&#8220;Model 1&#8221; is now sold out. We are about to prepare a new edition of Erdmann &amp; Rossi watches.<\/strong>[\/vc_column_text][vc_btn title=&#8221;PDF Download&#8221; link=&#8221;url:http%3A%2F%2Fwww.erdmann-rossi.com%2Fwp-content%2Fuploads%2F2017%2F01%2Fwp-watches.pdf||target:%20_blank|&#8221; css=&#8221;.vc_custom_1484268148475{margin-top: 30px !important;margin-bottom: 30px !important;}&#8221;][\/vc_column][vc_column width=&#8221;1\/3&#8243;][vc_column_text el_class=&#8221;kontakthinweis&#8221;]<\/p>\n<h2>Your request:<\/h2>\n<p>Your request is legally non-binding. We forward all requests to our licensing partner. An individual contract will be concluded with you subsequently.[\/vc_column_text]\n<div class=\"wpcf7 no-js\" id=\"wpcf7-f3184-o1\" lang=\"de-DE\" dir=\"ltr\" data-wpcf7-id=\"3184\">\n<div class=\"screen-reader-response\"><p role=\"status\" aria-live=\"polite\" aria-atomic=\"true\"><\/p> <ul><\/ul><\/div>\n<form action=\"\/en\/wp-json\/wp\/v2\/pages\/3074#wpcf7-f3184-o1\" method=\"post\" class=\"wpcf7-form init\" aria-label=\"Kontaktformular\" novalidate=\"novalidate\" data-status=\"init\">\n<div style=\"display: none;\">\n<input type=\"hidden\" name=\"_wpcf7\" value=\"3184\" \/>\n<input type=\"hidden\" name=\"_wpcf7_version\" value=\"6.0.6\" \/>\n<input type=\"hidden\" name=\"_wpcf7_locale\" value=\"de_DE\" \/>\n<input type=\"hidden\" name=\"_wpcf7_unit_tag\" value=\"wpcf7-f3184-o1\" \/>\n<input type=\"hidden\" name=\"_wpcf7_container_post\" value=\"0\" \/>\n<input type=\"hidden\" name=\"_wpcf7_posted_data_hash\" value=\"\" \/>\n<\/div>\n<p><span class=\"wpcf7-form-control-wrap\" data-name=\"your-name\"><input size=\"40\" maxlength=\"400\" class=\"wpcf7-form-control wpcf7-text wpcf7-validates-as-required\" aria-required=\"true\" aria-invalid=\"false\" placeholder=\"Your name\" value=\"\" type=\"text\" name=\"your-name\" \/><\/span>\n<\/p>\n<p><span class=\"wpcf7-form-control-wrap\" data-name=\"your-email\"><input size=\"40\" maxlength=\"400\" class=\"wpcf7-form-control wpcf7-email wpcf7-validates-as-required wpcf7-text wpcf7-validates-as-email\" aria-required=\"true\" aria-invalid=\"false\" placeholder=\"Your e-mail-address\" value=\"\" type=\"email\" name=\"your-email\" \/><\/span>\n<\/p>\n<p><span class=\"wpcf7-form-control-wrap\" data-name=\"your-strasse\"><input size=\"40\" maxlength=\"400\" class=\"wpcf7-form-control wpcf7-text wpcf7-validates-as-required\" aria-required=\"true\" aria-invalid=\"false\" placeholder=\"Street, No.\" value=\"\" type=\"text\" name=\"your-strasse\" \/><\/span>\n<\/p>\n<p><span class=\"wpcf7-form-control-wrap\" data-name=\"your-ort\"><input size=\"40\" maxlength=\"400\" class=\"wpcf7-form-control wpcf7-text wpcf7-validates-as-required\" aria-required=\"true\" aria-invalid=\"false\" placeholder=\"Zipcode, City\" value=\"\" type=\"text\" name=\"your-ort\" \/><\/span>\n<\/p>\n<p><span class=\"wpcf7-form-control-wrap\" data-name=\"your-telefon\"><input size=\"40\" maxlength=\"400\" class=\"wpcf7-form-control wpcf7-text wpcf7-validates-as-required\" aria-required=\"true\" aria-invalid=\"false\" placeholder=\"Telephone\" value=\"\" type=\"text\" name=\"your-telefon\" \/><\/span>\n<\/p>\n<p><span class=\"kontakthinweis\">I take an interest in a watch\/watches in a <strong>stainless steel finish<\/strong>:<\/span><br \/>\n<span class=\"wpcf7-form-control-wrap\" data-name=\"menu-450\"><select class=\"wpcf7-form-control wpcf7-select wpcf7-validates-as-required\" aria-required=\"true\" aria-invalid=\"false\" name=\"menu-450\"><option value=\"\">Please choose number of copies<\/option><option value=\"1\">1<\/option><option value=\"2\">2<\/option><option value=\"3\">3<\/option><\/select><\/span>\n<\/p>\n<p><span class=\"kontakthinweis\">I take an interest in a watch\/watches in a <strong>white gold finish<\/strong>:<\/span><br \/>\n<span class=\"wpcf7-form-control-wrap\" data-name=\"menu-451\"><select class=\"wpcf7-form-control wpcf7-select wpcf7-validates-as-required\" aria-required=\"true\" aria-invalid=\"false\" name=\"menu-451\"><option value=\"\">Please choose number of copies<\/option><option value=\"1\">1<\/option><option value=\"2\">2<\/option><option value=\"3\">3<\/option><\/select><\/span>\n<\/p>\n<p><span class=\"wpcf7-form-control-wrap\" data-name=\"your-message\"><textarea cols=\"40\" rows=\"10\" maxlength=\"2000\" class=\"wpcf7-form-control wpcf7-textarea\" aria-invalid=\"false\" placeholder=\"Other remarks\" name=\"your-message\"><\/textarea><\/span>\n<\/p>\n<p class=\"sondertext\"><span class=\"wpcf7-form-control-wrap\" data-name=\"checkbox-produktinfo\"><span class=\"wpcf7-form-control wpcf7-checkbox\"><span class=\"wpcf7-list-item first last\"><input type=\"checkbox\" name=\"checkbox-produktinfo[]\" value=\"I agree that Automobile Erdmann &amp; Rossi Licensing Services KG will inform me of current procuct offers.\" \/><span class=\"wpcf7-list-item-label\">I agree that Automobile Erdmann &amp; Rossi Licensing Services KG will inform me of current procuct offers.<\/span><\/span><\/span><\/span>\n<\/p>\n<p>Security check <input type=\"hidden\" name=\"_wpcf7_captcha_challenge_captcha-170\" value=\"768840546\" \/><img loading=\"lazy\" decoding=\"async\" class=\"wpcf7-form-control wpcf7-captchac wpcf7-captcha-captcha-170\" width=\"72\" height=\"24\" alt=\"captcha\" src=\"https:\/\/www.erdmann-rossi.com\/wp-content\/uploads\/wpcf7_captcha\/768840546.png\" \/><br \/>\n<span class=\"wpcf7-form-control-wrap\" data-name=\"captcha-170\"><input size=\"4\" maxlength=\"4\" class=\"wpcf7-form-control wpcf7-captchar\" autocomplete=\"off\" aria-invalid=\"false\" value=\"\" type=\"text\" name=\"captcha-170\" \/><\/span>\n<\/p>\n<p class=\"hid\"><span id=\"wpcf7-69dcc44805f1e-wrapper\" class=\"wpcf7-form-control-wrap honeypot-319-wrap\" style=\"display:none !important; visibility:hidden !important;\"><label for=\"wpcf7-69dcc44805f1e-field\" class=\"hp-message\">Bitte lasse dieses Feld leer.<\/label><input id=\"wpcf7-69dcc44805f1e-field\"  class=\"wpcf7-form-control wpcf7-text\" type=\"text\" name=\"honeypot-319\" value=\"\" size=\"40\" tabindex=\"-1\" autocomplete=\"new-password\" \/><\/span>\n<input class=\"wpcf7-form-control wpcf7-hidden\" value=\"post_title\" type=\"hidden\" name=\"hidden-977\" \/>\n<input class=\"wpcf7-form-control wpcf7-hidden\" value=\"post_url\" type=\"hidden\" name=\"hidden-445\" \/>\n<\/p>\n<p><input class=\"wpcf7-form-control wpcf7-submit has-spinner\" type=\"submit\" value=\"Send\" \/>\n<\/p><div class=\"wpcf7-response-output\" aria-hidden=\"true\"><\/div>\n<\/form>\n<\/div>\n[\/vc_column][\/vc_row]<\/p>\n","protected":false},"excerpt":{"rendered":"<p>[vc_row el_class=&#8221;rs&#8221;][vc_column][\/vc_column][\/vc_row][vc_row css=&#8221;.vc_custom_1470959050399{margin-top: 35px !important;}&#8221;][vc_column width=&#8221;2\/3&#8243;][vc_column_text] The Erdmann &amp; Rossi Edition by Klaus Jakob \u2212 finest Watchmaking in limited Numbers &#8211; sold out For decades, watchmaker Klaus Jakob has been praised for his exceptional chronometers. His individually designed timepieces have won him numerous awards. The design of this watch (&#8220;Model 1&#8221;) takes its cues from [&hellip;]<\/p>\n","protected":false},"author":2,"featured_media":0,"parent":3071,"menu_order":0,"comment_status":"open","ping_status":"closed","template":"","meta":{"footnotes":""},"class_list":["post-3074","page","type-page","status-publish","hentry"],"_links":{"self":[{"href":"https:\/\/www.erdmann-rossi.com\/en\/wp-json\/wp\/v2\/pages\/3074","targetHints":{"allow":["GET"]}}],"collection":[{"href":"https:\/\/www.erdmann-rossi.com\/en\/wp-json\/wp\/v2\/pages"}],"about":[{"href":"https:\/\/www.erdmann-rossi.com\/en\/wp-json\/wp\/v2\/types\/page"}],"author":[{"embeddable":true,"href":"https:\/\/www.erdmann-rossi.com\/en\/wp-json\/wp\/v2\/users\/2"}],"replies":[{"embeddable":true,"href":"https:\/\/www.erdmann-rossi.com\/en\/wp-json\/wp\/v2\/comments?post=3074"}],"version-history":[{"count":0,"href":"https:\/\/www.erdmann-rossi.com\/en\/wp-json\/wp\/v2\/pages\/3074\/revisions"}],"up":[{"embeddable":true,"href":"https:\/\/www.erdmann-rossi.com\/en\/wp-json\/wp\/v2\/pages\/3071"}],"wp:attachment":[{"href":"https:\/\/www.erdmann-rossi.com\/en\/wp-json\/wp\/v2\/media?parent=3074"}],"curies":[{"name":"wp","href":"https:\/\/api.w.org\/{rel}","templated":true}]}}