{"id":2270,"date":"2015-06-09T15:25:24","date_gmt":"2015-06-09T13:25:24","guid":{"rendered":"http:\/\/www.erdmann-rossi.com\/presse\/"},"modified":"2021-11-05T23:34:58","modified_gmt":"2021-11-05T22:34:58","slug":"press-information","status":"publish","type":"page","link":"https:\/\/www.erdmann-rossi.com\/en\/press-information\/","title":{"rendered":"Press Information"},"content":{"rendered":"<p>[vc_row el_class=&#8221;rs&#8221;][vc_column]\t\t\t<script src=\"\/\/www.erdmann-rossi.com\/wp-content\/plugins\/revslider\/sr6\/assets\/js\/rbtools.min.js?rev=6.7.34\"><\/script>\n\t\t\t<script src=\"\/\/www.erdmann-rossi.com\/wp-content\/plugins\/revslider\/sr6\/assets\/js\/rs6.min.js?rev=6.7.34\"><\/script>\n\n\t\t\t<!-- START carouselpresse REVOLUTION SLIDER 6.7.34 --><p class=\"rs-p-wp-fix\"><\/p>\n\t\t\t<rs-module-wrap id=\"rev_slider_19_1_wrapper\" data-source=\"gallery\" style=\"visibility:hidden;background:#000000;padding:0;margin:0px auto;margin-top:0;margin-bottom:0;\">\n\t\t\t\t<rs-module id=\"rev_slider_19_1\" style=\"\" data-version=\"6.7.34\">\n\t\t\t\t\t<rs-slides style=\"overflow: hidden; position: absolute;\">\n\t\t\t\t\t\t<rs-slide style=\"position: absolute;\" data-key=\"rs-178\" data-title=\"Slide\" data-thumb=\"\/\/www.erdmann-rossi.com\/wp-content\/uploads\/2016\/09\/carousel-presse05-100x50.jpg\" data-anim=\"adpr:false;\">\n\t\t\t\t\t\t\t<img decoding=\"async\" src=\"\/\/www.erdmann-rossi.com\/wp-content\/plugins\/revslider\/sr6\/assets\/assets\/dummy.png\" alt=\"\" title=\"Press Information\" class=\"rev-slidebg tp-rs-img rs-lazyload\" data-lazyload=\"\/\/www.erdmann-rossi.com\/wp-content\/uploads\/2016\/09\/carousel-presse05.jpg\" data-bg=\"p:center top;\" data-no-retina>\n<!---->\t\t\t\t\t<\/rs-slide>\n\t\t\t\t\t\t<rs-slide style=\"position: absolute;\" data-key=\"rs-180\" data-title=\"Slide\" data-thumb=\"\/\/www.erdmann-rossi.com\/wp-content\/uploads\/2016\/09\/carousel-presse07-100x50.jpg\" data-anim=\"adpr:false;\">\n\t\t\t\t\t\t\t<img decoding=\"async\" src=\"\/\/www.erdmann-rossi.com\/wp-content\/plugins\/revslider\/sr6\/assets\/assets\/dummy.png\" alt=\"\" title=\"Press Information\" class=\"rev-slidebg tp-rs-img rs-lazyload\" data-lazyload=\"\/\/www.erdmann-rossi.com\/wp-content\/uploads\/2016\/09\/carousel-presse07.jpg\" data-bg=\"p:center top;\" data-no-retina>\n<!---->\t\t\t\t\t<\/rs-slide>\n\t\t\t\t\t\t<rs-slide style=\"position: absolute;\" data-key=\"rs-104\" data-title=\"Slide\" data-thumb=\"\/\/www.erdmann-rossi.com\/wp-content\/uploads\/2016\/09\/carousel-presse03-100x50.jpg\" data-anim=\"adpr:false;\">\n\t\t\t\t\t\t\t<img decoding=\"async\" src=\"\/\/www.erdmann-rossi.com\/wp-content\/plugins\/revslider\/sr6\/assets\/assets\/dummy.png\" alt=\"\" title=\"Press Information\" class=\"rev-slidebg tp-rs-img rs-lazyload\" data-lazyload=\"\/\/www.erdmann-rossi.com\/wp-content\/uploads\/2016\/09\/carousel-presse03.jpg\" data-bg=\"p:center top;\" data-no-retina>\n<!---->\t\t\t\t\t<\/rs-slide>\n\t\t\t\t\t\t<rs-slide style=\"position: absolute;\" data-key=\"rs-103\" data-title=\"Slide\" data-thumb=\"\/\/www.erdmann-rossi.com\/wp-content\/uploads\/2016\/09\/carousel-presse01-100x50.jpg\" data-anim=\"adpr:false;\">\n\t\t\t\t\t\t\t<img decoding=\"async\" src=\"\/\/www.erdmann-rossi.com\/wp-content\/plugins\/revslider\/sr6\/assets\/assets\/dummy.png\" alt=\"\" title=\"Press Information\" class=\"rev-slidebg tp-rs-img rs-lazyload\" data-lazyload=\"\/\/www.erdmann-rossi.com\/wp-content\/uploads\/2016\/09\/carousel-presse01.jpg\" data-bg=\"p:center top;\" data-no-retina>\n<!---->\t\t\t\t\t<\/rs-slide>\n\t\t\t\t\t\t<rs-slide style=\"position: absolute;\" data-key=\"rs-179\" data-title=\"Slide\" data-thumb=\"\/\/www.erdmann-rossi.com\/wp-content\/uploads\/2016\/09\/carousel-presse04-100x50.jpg\" data-anim=\"adpr:false;\">\n\t\t\t\t\t\t\t<img decoding=\"async\" src=\"\/\/www.erdmann-rossi.com\/wp-content\/plugins\/revslider\/sr6\/assets\/assets\/dummy.png\" alt=\"\" title=\"Press Information\" class=\"rev-slidebg tp-rs-img rs-lazyload\" data-lazyload=\"\/\/www.erdmann-rossi.com\/wp-content\/uploads\/2016\/09\/carousel-presse04.jpg\" data-bg=\"p:center top;\" data-no-retina>\n<!---->\t\t\t\t\t<\/rs-slide>\n\t\t\t\t\t\t<rs-slide style=\"position: absolute;\" data-key=\"rs-177\" data-title=\"Slide\" data-thumb=\"\/\/www.erdmann-rossi.com\/wp-content\/uploads\/2016\/09\/carousel-presse06-100x50.jpg\" data-anim=\"adpr:false;\">\n\t\t\t\t\t\t\t<img decoding=\"async\" src=\"\/\/www.erdmann-rossi.com\/wp-content\/plugins\/revslider\/sr6\/assets\/assets\/dummy.png\" alt=\"\" title=\"Press Information\" class=\"rev-slidebg tp-rs-img rs-lazyload\" data-lazyload=\"\/\/www.erdmann-rossi.com\/wp-content\/uploads\/2016\/09\/carousel-presse06.jpg\" data-bg=\"p:center top;\" data-no-retina>\n<!---->\t\t\t\t\t<\/rs-slide>\n\t\t\t\t\t<\/rs-slides>\n\t\t\t\t<\/rs-module>\n\t\t\t\t<script>\n\t\t\t\t\tsetREVStartSize({c: 'rev_slider_19_1',rl:[1240,1024,778,480],el:[],gw:[700],gh:[400],type:'carousel',justify:'',layout:'fullwidth',mh:\"400\"});if (window.RS_MODULES!==undefined && window.RS_MODULES.modules!==undefined && window.RS_MODULES.modules[\"revslider191\"]!==undefined) {window.RS_MODULES.modules[\"revslider191\"].once = false;window.revapi19 = undefined;if (window.RS_MODULES.checkMinimal!==undefined) window.RS_MODULES.checkMinimal()}\n\t\t\t\t<\/script>\n\t\t\t<\/rs-module-wrap>\n\t\t\t<!-- END REVOLUTION SLIDER -->\n[\/vc_column][\/vc_row][vc_row css=&#8221;.vc_custom_1470958928732{margin-top: 35px !important;}&#8221;][vc_column][vc_column_text]<\/p>\n<h1>Press releases<\/h1>\n<p>This section contains press releases on current topics. For journalists only, we offer an internal picture database and provide information on upcoming events.[\/vc_column_text][vc_basic_grid post_type=&#8221;post&#8221; max_items=&#8221;-1&#8243; element_width=&#8221;12&#8243; gap=&#8221;20&#8243; item=&#8221;3170&#8243; grid_id=&#8221;vc_gid:1636151674569-7c455a3a-4062-2&#8243; taxonomies=&#8221;8&#8243; el_class=&#8221;presse-open&#8221;][vc_empty_space][\/vc_column][\/vc_row][vc_row disable_element=&#8221;yes&#8221; css=&#8221;.vc_custom_1636151692911{margin-top: 35px !important;}&#8221;][vc_column][vc_column_text]<\/p>\n<h1>Closed area &#8211; for journalists only<\/h1>\n<p>Content is password protected[\/vc_column_text][vc_column_text el_class=&#8221;presse-open&#8221;][content_protector password=&#8221;IbedJuh10F&#8221; cookie_expires=&#8221;3600&#8243;]<\/p>\n\n\t\n\t\n\t\t\t<ul class=\"presseliste\"> \n\t\t\t\t\t\t<li> \n\t\t\t\t<h4><a href=\"https:\/\/www.erdmann-rossi.com\/en\/additional-information-for-journalists\/\">Additional information for journalists<\/a><\/h4> \n\t\t\t\t<p><p>In the subsequent gallery you find pictures of vehicles of the historic coachbuilding firm Erdmann &#038; Rossi (- 1949) and pictures of products licensed by our company. Author of all pictures (except historic pictures) is Vivian J. Rheinheimer<\/p>\n<\/p>\n\t\t\t\t<a href=\"https:\/\/www.erdmann-rossi.com\/en\/additional-information-for-journalists\/\" class=\"vc_gitem-link vc_general vc_btn3 vc_btn3-size-md vc_btn3-shape-rounded vc_btn3-style-modern vc_btn3-color-grey\" title=\"Ganze Nachricht lesen\">Read entire text<\/a>\n\t\t\t<\/li>\n\t\t\t\t\t<\/ul> \n\n\n\n\n\t\n<p>[\/content_protector][\/vc_column_text][\/vc_column][\/vc_row]<\/p>\n","protected":false},"excerpt":{"rendered":"<p>Pressemitteilungen An dieser Stelle ver\u00f6ffentlicht Erdmann &#038; Rossi Pressemitteilungen zu aktuellen Anl\u00e4ssen und Hintergrundinformationen f\u00fcr Journalisten. Wir stellen Fotomaterial bereit und geben Hinweise auf anstehende Veranstaltungen.<\/p>\n","protected":false},"author":2,"featured_media":0,"parent":0,"menu_order":0,"comment_status":"open","ping_status":"closed","template":"page_presse.php","meta":{"footnotes":""},"class_list":["post-2270","page","type-page","status-publish","hentry"],"_links":{"self":[{"href":"https:\/\/www.erdmann-rossi.com\/en\/wp-json\/wp\/v2\/pages\/2270","targetHints":{"allow":["GET"]}}],"collection":[{"href":"https:\/\/www.erdmann-rossi.com\/en\/wp-json\/wp\/v2\/pages"}],"about":[{"href":"https:\/\/www.erdmann-rossi.com\/en\/wp-json\/wp\/v2\/types\/page"}],"author":[{"embeddable":true,"href":"https:\/\/www.erdmann-rossi.com\/en\/wp-json\/wp\/v2\/users\/2"}],"replies":[{"embeddable":true,"href":"https:\/\/www.erdmann-rossi.com\/en\/wp-json\/wp\/v2\/comments?post=2270"}],"version-history":[{"count":0,"href":"https:\/\/www.erdmann-rossi.com\/en\/wp-json\/wp\/v2\/pages\/2270\/revisions"}],"wp:attachment":[{"href":"https:\/\/www.erdmann-rossi.com\/en\/wp-json\/wp\/v2\/media?parent=2270"}],"curies":[{"name":"wp","href":"https:\/\/api.w.org\/{rel}","templated":true}]}}