{"id":2258,"date":"2015-05-06T08:50:42","date_gmt":"2015-05-06T06:50:42","guid":{"rendered":"http:\/\/www.erdmann-rossi.com\/fahrzeuge\/"},"modified":"2019-11-21T17:47:15","modified_gmt":"2019-11-21T16:47:15","slug":"vehicles","status":"publish","type":"page","link":"https:\/\/www.erdmann-rossi.com\/en\/vehicles\/","title":{"rendered":"Vehicles"},"content":{"rendered":"<p>[vc_row el_class=&#8221;rs&#8221;][vc_column]\t\t\t<script src=\"\/\/www.erdmann-rossi.com\/wp-content\/plugins\/revslider\/sr6\/assets\/js\/rbtools.min.js?rev=6.7.34\"><\/script>\n\t\t\t<script src=\"\/\/www.erdmann-rossi.com\/wp-content\/plugins\/revslider\/sr6\/assets\/js\/rs6.min.js?rev=6.7.34\"><\/script>\n\n\t\t\t<!-- START carouselfahrzeuge REVOLUTION SLIDER 6.7.34 --><p class=\"rs-p-wp-fix\"><\/p>\n\t\t\t<rs-module-wrap id=\"rev_slider_14_1_wrapper\" data-source=\"gallery\" style=\"visibility:hidden;background:#000000;padding:0;margin:0px auto;margin-top:0;margin-bottom:0;\">\n\t\t\t\t<rs-module id=\"rev_slider_14_1\" style=\"\" data-version=\"6.7.34\">\n\t\t\t\t\t<rs-slides style=\"overflow: hidden; position: absolute;\">\n\t\t\t\t\t\t<rs-slide style=\"position: absolute;\" data-key=\"rs-62\" data-title=\"Slide\" data-thumb=\"\/\/www.erdmann-rossi.com\/wp-content\/uploads\/2016\/09\/carousel-fahrzeuge04-100x50.jpg\" data-anim=\"adpr:false;\">\n\t\t\t\t\t\t\t<img decoding=\"async\" src=\"\/\/www.erdmann-rossi.com\/wp-content\/plugins\/revslider\/sr6\/assets\/assets\/dummy.png\" alt=\"\" title=\"Vehicles\" class=\"rev-slidebg tp-rs-img rs-lazyload\" data-lazyload=\"\/\/www.erdmann-rossi.com\/wp-content\/uploads\/2016\/09\/carousel-fahrzeuge04.jpg\" data-bg=\"p:center top;\" data-no-retina>\n<!---->\t\t\t\t\t<\/rs-slide>\n\t\t\t\t\t\t<rs-slide style=\"position: absolute;\" data-key=\"rs-65\" data-title=\"Slide\" data-thumb=\"\/\/www.erdmann-rossi.com\/wp-content\/uploads\/2016\/09\/carousel-fahrzeuge03-100x50.jpg\" data-anim=\"adpr:false;\">\n\t\t\t\t\t\t\t<img decoding=\"async\" src=\"\/\/www.erdmann-rossi.com\/wp-content\/plugins\/revslider\/sr6\/assets\/assets\/dummy.png\" alt=\"\" title=\"Vehicles\" class=\"rev-slidebg tp-rs-img rs-lazyload\" data-lazyload=\"\/\/www.erdmann-rossi.com\/wp-content\/uploads\/2016\/09\/carousel-fahrzeuge03.jpg\" data-bg=\"p:center top;\" data-no-retina>\n<!---->\t\t\t\t\t<\/rs-slide>\n\t\t\t\t\t\t<rs-slide style=\"position: absolute;\" data-key=\"rs-69\" data-title=\"Slide\" data-thumb=\"\/\/www.erdmann-rossi.com\/wp-content\/uploads\/2016\/09\/carousel-fahrzeuge07-100x50.jpg\" data-anim=\"adpr:false;\">\n\t\t\t\t\t\t\t<img decoding=\"async\" src=\"\/\/www.erdmann-rossi.com\/wp-content\/plugins\/revslider\/sr6\/assets\/assets\/dummy.png\" alt=\"\" title=\"Vehicles\" class=\"rev-slidebg tp-rs-img rs-lazyload\" data-lazyload=\"\/\/www.erdmann-rossi.com\/wp-content\/uploads\/2016\/09\/carousel-fahrzeuge07.jpg\" data-bg=\"p:center top;\" data-no-retina>\n<!---->\t\t\t\t\t<\/rs-slide>\n\t\t\t\t\t\t<rs-slide style=\"position: absolute;\" data-key=\"rs-63\" data-title=\"Slide\" data-thumb=\"\/\/www.erdmann-rossi.com\/wp-content\/uploads\/2016\/09\/carousel-fahrzeuge02-100x50.jpg\" data-anim=\"adpr:false;\">\n\t\t\t\t\t\t\t<img decoding=\"async\" src=\"\/\/www.erdmann-rossi.com\/wp-content\/plugins\/revslider\/sr6\/assets\/assets\/dummy.png\" alt=\"\" title=\"Vehicles\" class=\"rev-slidebg tp-rs-img rs-lazyload\" data-lazyload=\"\/\/www.erdmann-rossi.com\/wp-content\/uploads\/2016\/09\/carousel-fahrzeuge02.jpg\" data-bg=\"p:center top;\" data-no-retina>\n<!---->\t\t\t\t\t<\/rs-slide>\n\t\t\t\t\t\t<rs-slide style=\"position: absolute;\" data-key=\"rs-66\" data-title=\"Slide\" data-thumb=\"\/\/www.erdmann-rossi.com\/wp-content\/uploads\/2016\/09\/carousel-fahrzeuge05-100x50.jpg\" data-anim=\"adpr:false;\">\n\t\t\t\t\t\t\t<img decoding=\"async\" src=\"\/\/www.erdmann-rossi.com\/wp-content\/plugins\/revslider\/sr6\/assets\/assets\/dummy.png\" alt=\"\" title=\"Vehicles\" class=\"rev-slidebg tp-rs-img rs-lazyload\" data-lazyload=\"\/\/www.erdmann-rossi.com\/wp-content\/uploads\/2016\/09\/carousel-fahrzeuge05.jpg\" data-bg=\"p:center top;\" data-no-retina>\n<!---->\t\t\t\t\t<\/rs-slide>\n\t\t\t\t\t\t<rs-slide style=\"position: absolute;\" data-key=\"rs-61\" data-title=\"Slide\" data-thumb=\"\/\/www.erdmann-rossi.com\/wp-content\/uploads\/2016\/09\/carousel-fahrzeuge01-100x50.jpg\" data-anim=\"adpr:false;\">\n\t\t\t\t\t\t\t<img decoding=\"async\" src=\"\/\/www.erdmann-rossi.com\/wp-content\/plugins\/revslider\/sr6\/assets\/assets\/dummy.png\" alt=\"\" title=\"Vehicles\" class=\"rev-slidebg tp-rs-img rs-lazyload\" data-lazyload=\"\/\/www.erdmann-rossi.com\/wp-content\/uploads\/2016\/09\/carousel-fahrzeuge01.jpg\" data-bg=\"p:center top;\" data-no-retina>\n<!---->\t\t\t\t\t<\/rs-slide>\n\t\t\t\t\t\t<rs-slide style=\"position: absolute;\" data-key=\"rs-67\" data-title=\"Slide\" data-thumb=\"\/\/www.erdmann-rossi.com\/wp-content\/uploads\/2016\/09\/carousel-fahrzeuge06-100x50.jpg\" data-anim=\"adpr:false;\">\n\t\t\t\t\t\t\t<img decoding=\"async\" src=\"\/\/www.erdmann-rossi.com\/wp-content\/plugins\/revslider\/sr6\/assets\/assets\/dummy.png\" alt=\"\" title=\"Vehicles\" class=\"rev-slidebg tp-rs-img rs-lazyload\" data-lazyload=\"\/\/www.erdmann-rossi.com\/wp-content\/uploads\/2016\/09\/carousel-fahrzeuge06.jpg\" data-bg=\"p:center top;\" data-no-retina>\n<!---->\t\t\t\t\t<\/rs-slide>\n\t\t\t\t\t\t<rs-slide style=\"position: absolute;\" data-key=\"rs-70\" data-title=\"Slide\" data-thumb=\"\/\/www.erdmann-rossi.com\/wp-content\/uploads\/2016\/09\/carousel-fahrzeuge08-100x50.jpg\" data-anim=\"adpr:false;\">\n\t\t\t\t\t\t\t<img decoding=\"async\" src=\"\/\/www.erdmann-rossi.com\/wp-content\/plugins\/revslider\/sr6\/assets\/assets\/dummy.png\" alt=\"\" title=\"Vehicles\" class=\"rev-slidebg tp-rs-img rs-lazyload\" data-lazyload=\"\/\/www.erdmann-rossi.com\/wp-content\/uploads\/2016\/09\/carousel-fahrzeuge08.jpg\" data-bg=\"p:center top;\" data-no-retina>\n<!---->\t\t\t\t\t<\/rs-slide>\n\t\t\t\t\t<\/rs-slides>\n\t\t\t\t<\/rs-module>\n\t\t\t\t<script>\n\t\t\t\t\tsetREVStartSize({c: 'rev_slider_14_1',rl:[1240,1024,778,480],el:[],gw:[700],gh:[400],type:'carousel',justify:'',layout:'fullwidth',mh:\"400\"});if (window.RS_MODULES!==undefined && window.RS_MODULES.modules!==undefined && window.RS_MODULES.modules[\"revslider141\"]!==undefined) {window.RS_MODULES.modules[\"revslider141\"].once = false;window.revapi14 = undefined;if (window.RS_MODULES.checkMinimal!==undefined) window.RS_MODULES.checkMinimal()}\n\t\t\t\t<\/script>\n\t\t\t<\/rs-module-wrap>\n\t\t\t<!-- END REVOLUTION SLIDER -->\n[\/vc_column][\/vc_row][vc_row full_width=&#8221;stretch_row_content&#8221; css=&#8221;.vc_custom_1470957563222{padding-top: 0px !important;}&#8221; el_class=&#8221;klammerbox&#8221;][vc_column][vc_column_text css=&#8221;.vc_custom_1485015342064{margin-bottom: 0px !important;padding-top: 0px !important;}&#8221;]<\/p>\n<h1 style=\"text-align: center;\">Erdmann &amp; Rossi<sup>\u00ae <\/sup>&#8211; the Beauty of Perfection<\/h1>\n<p>[\/vc_column_text][\/vc_column][\/vc_row][vc_row][vc_column][vc_column_text css=&#8221;.vc_custom_1485097977853{margin-bottom: 0px !important;}&#8221;]Design elements taken from aircraft construction, &#8220;floating&#8221; lines, aerodynamic coaches and an extremely high quality of finish \u2013 Erdmann &amp; Rossi was well ahead of its time. We carry forward this tradition. Our licensing partners will build your individual car &#8211; one of a kind. Reconstructions of Erdmann &amp; Rossi vehicles licensed by us are masterpieces of craftsmanship.[\/vc_column_text][\/vc_column][\/vc_row][vc_row css=&#8221;.vc_custom_1470958089274{margin-top: 0px !important;padding-top: 4% !important;}&#8221; el_class=&#8221;teaser white&#8221;][vc_column width=&#8221;1\/2&#8243;]\n<div id=\"interactive-banner-1-wrap-5414\" class=\"ult-banner-block ult-adjust-bottom-margin ult-bb-box  banner-style01 \"   style=\"\">\n\t<img decoding=\"async\" src=\"https:\/\/www.erdmann-rossi.com\/wp-content\/uploads\/2015\/05\/pic_bmw_319.jpg\" alt=\"null\">\n\t<div class=\"mask opaque-background\" style=\"background:rgba(2,0,0,0.57);\">\n\t\t<div  data-ultimate-target='#interactive-banner-1-wrap-5414 .bb-description'  data-responsive-json-new='{\"font-size\":\"\",\"line-height\":\"\"}'  class=\"bb-description ult-responsive\" style=\"font-weight:normal;color:#ffffff;\">BMW 319\/1<\/div>\n\t<\/div><a class=\"bb-link\" href=\"http:\/\/www.erdmann-rossi.com\/en\/vehicles\/erdmann-rossi-bmw-3191\/\" ><\/a>\n<\/div>[vc_column_text css=&#8221;.vc_custom_1508598851623{margin-bottom: 10px !important;}&#8221;]<\/p>\n<h3 style=\"text-align: center;\"><a href=\"https:\/\/www.erdmann-rossi.com\/en\/vehicles\/erdmann-rossi-bmw-3191\/\">Erdmann &amp; Rossi<\/a><\/h3>\n<p style=\"text-align: center;\">BMW 319\/1 streamline coupe<\/p>\n<p>[\/vc_column_text][\/vc_column][vc_column width=&#8221;1\/2&#8243;]\n<div id=\"interactive-banner-1-wrap-4022\" class=\"ult-banner-block ult-adjust-bottom-margin ult-bb-box  banner-style01 \"   style=\"\">\n\t<img decoding=\"async\" src=\"https:\/\/www.erdmann-rossi.com\/wp-content\/uploads\/2015\/05\/pic-bentley.jpg\" alt=\"null\">\n\t<div class=\"mask opaque-background\" style=\"background:rgba(2,0,0,0.57);\">\n\t\t<div  data-ultimate-target='#interactive-banner-1-wrap-4022 .bb-description'  data-responsive-json-new='{\"font-size\":\"\",\"line-height\":\"\"}'  class=\"bb-description ult-responsive\" style=\"font-weight:normal;color:#ffffff;\">Bentley 4 \u00bc ltr<\/div>\n\t<\/div><a class=\"bb-link\" href=\"http:\/\/www.erdmann-rossi.com\/en\/vehicles\/erdmann-rossi-bentley-4-%c2%bc-ltr\/\" ><\/a>\n<\/div>[vc_column_text css=&#8221;.vc_custom_1508602531411{margin-bottom: 10px !important;}&#8221;]<\/p>\n<h3 style=\"text-align: center;\"><a href=\"https:\/\/www.erdmann-rossi.com\/en\/vehicles\/erdmann-rossi-bentley-4-%c2%bc-ltr\">Erdmann &amp; Rossi<\/a><\/h3>\n<p style=\"text-align: center;\">Bentley 4 \u00bc ltr. convertible<\/p>\n<p>[\/vc_column_text][\/vc_column][\/vc_row][vc_row css=&#8221;.vc_custom_1470958089274{margin-top: 0px !important;padding-top: 4% !important;}&#8221; el_class=&#8221;teaser white&#8221;][vc_column width=&#8221;1\/2&#8243;]\n<div id=\"interactive-banner-1-wrap-6990\" class=\"ult-banner-block ult-adjust-bottom-margin ult-bb-box  banner-style01 \"   style=\"\">\n\t<img decoding=\"async\" src=\"https:\/\/www.erdmann-rossi.com\/wp-content\/uploads\/2015\/05\/pic-deinerdmann.jpg\" alt=\"null\">\n\t<div class=\"mask opaque-background\" style=\"background:rgba(2,0,0,0.57);\">\n\t\t<div  data-ultimate-target='#interactive-banner-1-wrap-6990 .bb-description'  data-responsive-json-new='{\"font-size\":\"\",\"line-height\":\"\"}'  class=\"bb-description ult-responsive\" style=\"font-weight:normal;color:#ffffff;\">Your Erdmann &amp; Rossi<\/div>\n\t<\/div><a class=\"bb-link\" href=\"http:\/\/www.erdmann-rossi.com\/en\/vehicles\/your-erdmann-rossi\/\" ><\/a>\n<\/div>[vc_column_text css=&#8221;.vc_custom_1485174096099{margin-bottom: 10px !important;}&#8221;]<\/p>\n<h3 style=\"text-align: center;\"><a href=\"https:\/\/www.erdmann-rossi.com\/en\/vehicles\/your-erdmann-rossi\/\">Your Erdmann &amp; Rossi<\/a><\/h3>\n<p style=\"text-align: center;\">Turning your historic chassis into something unique<\/p>\n<p>[\/vc_column_text][\/vc_column][vc_column width=&#8221;1\/2&#8243;]\n<div id=\"interactive-banner-1-wrap-3110\" class=\"ult-banner-block ult-adjust-bottom-margin ult-bb-box  banner-style01 \"   style=\"\">\n\t<img decoding=\"async\" src=\"https:\/\/www.erdmann-rossi.com\/wp-content\/uploads\/2015\/06\/pic_horch_spezialroadster.jpg\" alt=\"\">\n\t<div class=\"mask opaque-background\" style=\"background:rgba(2,0,0,0.57);\">\n\t\t<div  data-ultimate-target='#interactive-banner-1-wrap-3110 .bb-description'  data-responsive-json-new='{\"font-size\":\"\",\"line-height\":\"\"}'  class=\"bb-description ult-responsive\" style=\"font-weight:normal;color:#ffffff;\">Horch 853 special roadster<\/div>\n\t<\/div><a class=\"bb-link\" href=\"http:\/\/www.erdmann-rossi.com\/en\/vehicles\/erdmann-rossi-horch-853-special-roadster\/\" ><\/a>\n<\/div>[vc_column_text css=&#8221;.vc_custom_1483443922016{margin-bottom: 10px !important;}&#8221;]<\/p>\n<h3 style=\"text-align: center;\"><a href=\"https:\/\/www.erdmann-rossi.com\/en\/vehicles\/erdmann-rossi-horch-853-special-roadster\/\">Erdmann &amp; Rossi<\/a><\/h3>\n<p style=\"text-align: center;\">Horch 853 special roadster<\/p>\n<p>[\/vc_column_text][\/vc_column][\/vc_row][vc_row css=&#8221;.vc_custom_1466544454419{margin-top: 30px !important;}&#8221;][vc_column][vc_column_text]Every reconstruction of an Erdmann &amp; Rossi coachwork is mounted onto an original, historic chassis. This also ensures that the rebody comes as close to the original vehicle as possible. Historic photographs and other documents are used in order to produce professional reproductions. Automobile Erdmann &amp; Rossi KG recognises the principles set out in the <a href=\"http:\/\/www.fiva.org\/wp-content\/uploads\/02-Turin-Charter-final-version-english-german.pdf\">Turin Charter of FIVA (F\u00e9d\u00e9ration Internationale des V\u00e9hicules Anciens)<\/a>.[\/vc_column_text][\/vc_column][\/vc_row][vc_row css=&#8221;.vc_custom_1448023953154{margin-top: 0px !important;}&#8221;][vc_column][vc_column_text]<\/p>\n<h1>Unique and Immaculate<\/h1>\n<p>The very complex manufacturing process usually takes several years to complete. Historic production methods are often employed, which includes the use of historic materials (bakelite, wood, nitrocellulose paint, etc.). Modern technology is sometimes used if it can bring improvement to the final product (contemporary improvements, e.g., measurement of individual components by laser technology, improved braking systems).<\/p>\n<p>Both the production process and the quality of the rebody are documented in a provenance report compiled by Automobile Erdmann &amp; Rossi KG. This expert report serves as an accompanying document and will be handed over to the new owner together with the vehicle. A specialist dealer can use the expert report to quickly determine whether or not the vehicle is duly licensed.<\/p>\n<p>Reconstructions true to the original are often more suitable for everyday use than original vehicles, thanks to the completely new body. In this respect they are, at best, comparable to the very rare original vehicles that have undergone full restoration. In accordance with national law, e.g.&nbsp; in Germany, licensed reproductions may receive a permit to travel on public roads.<\/p>\n<p>For participation in round trips, fairs or competitions, reproductions true to the original are no less suitable than original vehicles. In the past, automobiles with reproductions of Erdmann &amp; Rossi bodies have won multiple awards at classic car competitions (Concours d&#8217;Elegance).[\/vc_column_text][\/vc_column][\/vc_row]<\/p>\n","protected":false},"excerpt":{"rendered":"<p>[vc_row el_class=&#8221;rs&#8221;][vc_column][\/vc_column][\/vc_row][vc_row full_width=&#8221;stretch_row_content&#8221; css=&#8221;.vc_custom_1470957563222{padding-top: 0px !important;}&#8221; el_class=&#8221;klammerbox&#8221;][vc_column][vc_column_text css=&#8221;.vc_custom_1485015342064{margin-bottom: 0px !important;padding-top: 0px !important;}&#8221;] Erdmann &amp; Rossi\u00ae &#8211; the Beauty of Perfection [\/vc_column_text][\/vc_column][\/vc_row][vc_row][vc_column][vc_column_text css=&#8221;.vc_custom_1485097977853{margin-bottom: 0px !important;}&#8221;]Design elements taken from aircraft construction, &#8220;floating&#8221; lines, aerodynamic coaches and an extremely high quality of finish \u2013 Erdmann &amp; Rossi was well ahead of its time. We carry forward this tradition. [&hellip;]<\/p>\n","protected":false},"author":2,"featured_media":0,"parent":0,"menu_order":0,"comment_status":"open","ping_status":"closed","template":"","meta":{"footnotes":""},"class_list":["post-2258","page","type-page","status-publish","hentry"],"_links":{"self":[{"href":"https:\/\/www.erdmann-rossi.com\/en\/wp-json\/wp\/v2\/pages\/2258","targetHints":{"allow":["GET"]}}],"collection":[{"href":"https:\/\/www.erdmann-rossi.com\/en\/wp-json\/wp\/v2\/pages"}],"about":[{"href":"https:\/\/www.erdmann-rossi.com\/en\/wp-json\/wp\/v2\/types\/page"}],"author":[{"embeddable":true,"href":"https:\/\/www.erdmann-rossi.com\/en\/wp-json\/wp\/v2\/users\/2"}],"replies":[{"embeddable":true,"href":"https:\/\/www.erdmann-rossi.com\/en\/wp-json\/wp\/v2\/comments?post=2258"}],"version-history":[{"count":0,"href":"https:\/\/www.erdmann-rossi.com\/en\/wp-json\/wp\/v2\/pages\/2258\/revisions"}],"wp:attachment":[{"href":"https:\/\/www.erdmann-rossi.com\/en\/wp-json\/wp\/v2\/media?parent=2258"}],"curies":[{"name":"wp","href":"https:\/\/api.w.org\/{rel}","templated":true}]}}